{"id":4451,"date":"2023-12-01T07:22:17","date_gmt":"2023-12-01T07:22:17","guid":{"rendered":"https:\/\/new.rosemedical-tr.com\/contacts\/"},"modified":"2024-09-06T14:08:40","modified_gmt":"2024-09-06T14:08:40","slug":"contacts","status":"publish","type":"page","link":"https:\/\/rosemedical-tr.com\/fr\/contacts\/","title":{"rendered":"Contacts"},"content":{"rendered":"\t\t<div data-elementor-type=\"wp-page\" data-elementor-id=\"4451\" class=\"elementor elementor-4451 elementor-58\" data-elementor-post-type=\"page\">\n\t\t\t\t<div class=\"elementor-element elementor-element-7771c9a e-con-full e-flex e-con e-parent\" data-id=\"7771c9a\" data-element_type=\"container\" data-e-type=\"container\" data-settings=\"{&quot;background_background&quot;:&quot;classic&quot;}\">\n\t\t\t\t<div class=\"elementor-element elementor-element-77d94865 elementor-widget-tablet__width-inherit elementor-widget elementor-widget-google_maps\" data-id=\"77d94865\" data-element_type=\"widget\" data-e-type=\"widget\" data-widget_type=\"google_maps.default\">\n\t\t\t\t<div class=\"elementor-widget-container\">\n\t\t\t\t\t\t\t<div class=\"elementor-custom-embed\">\n\t\t\t<iframe loading=\"lazy\"\n\t\t\t\t\tsrc=\"https:\/\/maps.google.com\/maps?q=ICON%20Location%3A%20S%C3%BCmer%2C%20Prof.%20Dr.%20Turan%20G%C3%BCne%C5%9F%20Cd%20NO%3A57L%2C%20D%3A23%2C%2034025%20Zeytinburnu%2F%C4%B0stanbul&#038;t=m&#038;z=14&#038;output=embed&#038;iwloc=near\"\n\t\t\t\t\ttitle=\"ICON Location: S\u00fcmer, Prof. Dr. Turan G\u00fcne\u015f Cd NO:57L, D:23, 34025 Zeytinburnu\/\u0130stanbul\"\n\t\t\t\t\taria-label=\"ICON Location: S\u00fcmer, Prof. Dr. Turan G\u00fcne\u015f Cd NO:57L, D:23, 34025 Zeytinburnu\/\u0130stanbul\"\n\t\t\t><\/iframe>\n\t\t<\/div>\n\t\t\t\t\t\t<\/div>\n\t\t\t\t<\/div>\n\t\t\t\t<\/div>\n\t\t<div class=\"elementor-element elementor-element-1185573 e-flex e-con-boxed e-con e-parent\" data-id=\"1185573\" data-element_type=\"container\" data-e-type=\"container\">\n\t\t\t\t\t<div class=\"e-con-inner\">\n\t\t<div class=\"elementor-element elementor-element-fa26c75 e-con-full e-flex e-con e-child\" data-id=\"fa26c75\" data-element_type=\"container\" data-e-type=\"container\" data-settings=\"{&quot;background_background&quot;:&quot;classic&quot;}\">\n\t\t\t\t<div class=\"elementor-element elementor-element-2663699 elementor-widget elementor-widget-spacer\" data-id=\"2663699\" data-element_type=\"widget\" data-e-type=\"widget\" data-widget_type=\"spacer.default\">\n\t\t\t\t<div class=\"elementor-widget-container\">\n\t\t\t\t\t\t\t<div class=\"elementor-spacer\">\n\t\t\t<div class=\"elementor-spacer-inner\"><\/div>\n\t\t<\/div>\n\t\t\t\t\t\t<\/div>\n\t\t\t\t<\/div>\n\t\t\t\t<div class=\"elementor-element elementor-element-d7e78fa elementor-view-default elementor-widget elementor-widget-icon\" data-id=\"d7e78fa\" data-element_type=\"widget\" data-e-type=\"widget\" data-widget_type=\"icon.default\">\n\t\t\t\t<div class=\"elementor-widget-container\">\n\t\t\t\t\t\t\t<div class=\"elementor-icon-wrapper\">\n\t\t\t<a class=\"elementor-icon\" href=\"mailto:info@rosemedical-tr.com\">\n\t\t\t<i aria-hidden=\"true\" class=\"far fa-envelope-open\"><\/i>\t\t\t<\/a>\n\t\t<\/div>\n\t\t\t\t\t\t<\/div>\n\t\t\t\t<\/div>\n\t\t\t\t<div class=\"elementor-element elementor-element-bbe7315 elementor-widget-divider--view-line elementor-widget elementor-widget-divider\" data-id=\"bbe7315\" data-element_type=\"widget\" data-e-type=\"widget\" data-widget_type=\"divider.default\">\n\t\t\t\t<div class=\"elementor-widget-container\">\n\t\t\t\t\t\t\t<div class=\"elementor-divider\">\n\t\t\t<span class=\"elementor-divider-separator\">\n\t\t\t\t\t\t<\/span>\n\t\t<\/div>\n\t\t\t\t\t\t<\/div>\n\t\t\t\t<\/div>\n\t\t\t\t<div class=\"elementor-element elementor-element-266cc79c elementor-widget elementor-widget-heading\" data-id=\"266cc79c\" data-element_type=\"widget\" data-e-type=\"widget\" data-widget_type=\"heading.default\">\n\t\t\t\t<div class=\"elementor-widget-container\">\n\t\t\t\t\t<h3 class=\"elementor-heading-title elementor-size-default\"> Email<\/h3>\t\t\t\t<\/div>\n\t\t\t\t<\/div>\n\t\t\t\t<div class=\"elementor-element elementor-element-d35a7ea elementor-list-item-link-inline elementor-align-center elementor-icon-list--layout-traditional elementor-widget elementor-widget-icon-list\" data-id=\"d35a7ea\" data-element_type=\"widget\" data-e-type=\"widget\" data-widget_type=\"icon-list.default\">\n\t\t\t\t<div class=\"elementor-widget-container\">\n\t\t\t\t\t\t\t<ul class=\"elementor-icon-list-items\">\n\t\t\t\t\t\t\t<li class=\"elementor-icon-list-item\">\n\t\t\t\t\t\t\t\t\t\t\t<a href=\"mailto:info@rosemedical-tr.com\">\n\n\t\t\t\t\t\t\t\t\t\t\t<span class=\"elementor-icon-list-text\">info@rosemedical-tr.com<\/span>\n\t\t\t\t\t\t\t\t\t\t\t<\/a>\n\t\t\t\t\t\t\t\t\t<\/li>\n\t\t\t\t\t\t<\/ul>\n\t\t\t\t\t\t<\/div>\n\t\t\t\t<\/div>\n\t\t\t\t<\/div>\n\t\t<div class=\"elementor-element elementor-element-5016a17 e-con-full e-flex e-con e-child\" data-id=\"5016a17\" data-element_type=\"container\" data-e-type=\"container\" data-settings=\"{&quot;background_background&quot;:&quot;classic&quot;}\">\n\t\t\t\t<div class=\"elementor-element elementor-element-fe36145 elementor-widget elementor-widget-spacer\" data-id=\"fe36145\" data-element_type=\"widget\" data-e-type=\"widget\" data-widget_type=\"spacer.default\">\n\t\t\t\t<div class=\"elementor-widget-container\">\n\t\t\t\t\t\t\t<div class=\"elementor-spacer\">\n\t\t\t<div class=\"elementor-spacer-inner\"><\/div>\n\t\t<\/div>\n\t\t\t\t\t\t<\/div>\n\t\t\t\t<\/div>\n\t\t\t\t<div class=\"elementor-element elementor-element-da6a062 elementor-view-default elementor-widget elementor-widget-icon\" data-id=\"da6a062\" data-element_type=\"widget\" data-e-type=\"widget\" data-widget_type=\"icon.default\">\n\t\t\t\t<div class=\"elementor-widget-container\">\n\t\t\t\t\t\t\t<div class=\"elementor-icon-wrapper\">\n\t\t\t<a class=\"elementor-icon\" href=\"https:\/\/www.google.com\/maps\/place\/Rose+Medical+Clinic\/@40.9908978,28.8911577,17z\/data=!3m1!4b1!4m6!3m5!1s0x14cabbe0d7dc6585:0x5f48e7e43fcd97ad!8m2!3d40.9908978!4d28.893738!16s%2Fg%2F11q477z_9f?entry=ttu\">\n\t\t\t<i aria-hidden=\"true\" class=\"far fa-map\"><\/i>\t\t\t<\/a>\n\t\t<\/div>\n\t\t\t\t\t\t<\/div>\n\t\t\t\t<\/div>\n\t\t\t\t<div class=\"elementor-element elementor-element-ad32c8c elementor-widget-divider--view-line elementor-widget elementor-widget-divider\" data-id=\"ad32c8c\" data-element_type=\"widget\" data-e-type=\"widget\" data-widget_type=\"divider.default\">\n\t\t\t\t<div class=\"elementor-widget-container\">\n\t\t\t\t\t\t\t<div class=\"elementor-divider\">\n\t\t\t<span class=\"elementor-divider-separator\">\n\t\t\t\t\t\t<\/span>\n\t\t<\/div>\n\t\t\t\t\t\t<\/div>\n\t\t\t\t<\/div>\n\t\t\t\t<div class=\"elementor-element elementor-element-3b1a42fe elementor-widget elementor-widget-heading\" data-id=\"3b1a42fe\" data-element_type=\"widget\" data-e-type=\"widget\" data-widget_type=\"heading.default\">\n\t\t\t\t<div class=\"elementor-widget-container\">\n\t\t\t\t\t<h3 class=\"elementor-heading-title elementor-size-default\">Address<\/h3>\t\t\t\t<\/div>\n\t\t\t\t<\/div>\n\t\t\t\t<div class=\"elementor-element elementor-element-266ce93 elementor-list-item-link-inline elementor-align-center elementor-icon-list--layout-traditional elementor-widget elementor-widget-icon-list\" data-id=\"266ce93\" data-element_type=\"widget\" data-e-type=\"widget\" data-widget_type=\"icon-list.default\">\n\t\t\t\t<div class=\"elementor-widget-container\">\n\t\t\t\t\t\t\t<ul class=\"elementor-icon-list-items\">\n\t\t\t\t\t\t\t<li class=\"elementor-icon-list-item\">\n\t\t\t\t\t\t\t\t\t\t\t<a href=\"https:\/\/www.google.com\/maps\/place\/Rose+Medical+Clinic\/@40.9908978,28.8911577,17z\/data=!3m1!4b1!4m6!3m5!1s0x14cabbe0d7dc6585:0x5f48e7e43fcd97ad!8m2!3d40.9908978!4d28.893738!16s%2Fg%2F11q477z_9f?entry=ttu\">\n\n\t\t\t\t\t\t\t\t\t\t\t<span class=\"elementor-icon-list-text\">S\u00fcmer, Prof. Dr. Turan G\u00fcne\u015f Cd NO:57L, D:23, 34025 Zeytinburnu\/\u0130stanbul<\/span>\n\t\t\t\t\t\t\t\t\t\t\t<\/a>\n\t\t\t\t\t\t\t\t\t<\/li>\n\t\t\t\t\t\t<\/ul>\n\t\t\t\t\t\t<\/div>\n\t\t\t\t<\/div>\n\t\t\t\t<\/div>\n\t\t<div class=\"elementor-element elementor-element-e24b6ec e-con-full e-flex e-con e-child\" data-id=\"e24b6ec\" data-element_type=\"container\" data-e-type=\"container\" data-settings=\"{&quot;background_background&quot;:&quot;classic&quot;}\">\n\t\t\t\t<div class=\"elementor-element elementor-element-5e1d20f elementor-widget elementor-widget-spacer\" data-id=\"5e1d20f\" data-element_type=\"widget\" data-e-type=\"widget\" data-widget_type=\"spacer.default\">\n\t\t\t\t<div class=\"elementor-widget-container\">\n\t\t\t\t\t\t\t<div class=\"elementor-spacer\">\n\t\t\t<div class=\"elementor-spacer-inner\"><\/div>\n\t\t<\/div>\n\t\t\t\t\t\t<\/div>\n\t\t\t\t<\/div>\n\t\t\t\t<div class=\"elementor-element elementor-element-c52e8e1 elementor-view-default elementor-widget elementor-widget-icon\" data-id=\"c52e8e1\" data-element_type=\"widget\" data-e-type=\"widget\" data-widget_type=\"icon.default\">\n\t\t\t\t<div class=\"elementor-widget-container\">\n\t\t\t\t\t\t\t<div class=\"elementor-icon-wrapper\">\n\t\t\t<a class=\"elementor-icon\" href=\"https:\/\/web.whatsapp.com\/send?phone=905497122233\">\n\t\t\t<i aria-hidden=\"true\" class=\"fas fa-mobile-alt\"><\/i>\t\t\t<\/a>\n\t\t<\/div>\n\t\t\t\t\t\t<\/div>\n\t\t\t\t<\/div>\n\t\t\t\t<div class=\"elementor-element elementor-element-fec9ac0 elementor-widget-divider--view-line elementor-widget elementor-widget-divider\" data-id=\"fec9ac0\" data-element_type=\"widget\" data-e-type=\"widget\" data-widget_type=\"divider.default\">\n\t\t\t\t<div class=\"elementor-widget-container\">\n\t\t\t\t\t\t\t<div class=\"elementor-divider\">\n\t\t\t<span class=\"elementor-divider-separator\">\n\t\t\t\t\t\t<\/span>\n\t\t<\/div>\n\t\t\t\t\t\t<\/div>\n\t\t\t\t<\/div>\n\t\t\t\t<div class=\"elementor-element elementor-element-4da3279 elementor-widget elementor-widget-heading\" data-id=\"4da3279\" data-element_type=\"widget\" data-e-type=\"widget\" data-widget_type=\"heading.default\">\n\t\t\t\t<div class=\"elementor-widget-container\">\n\t\t\t\t\t<h3 class=\"elementor-heading-title elementor-size-default\">Phone<\/h3>\t\t\t\t<\/div>\n\t\t\t\t<\/div>\n\t\t\t\t<div class=\"elementor-element elementor-element-342be41 elementor-list-item-link-inline elementor-align-center elementor-icon-list--layout-traditional elementor-widget elementor-widget-icon-list\" data-id=\"342be41\" data-element_type=\"widget\" data-e-type=\"widget\" data-widget_type=\"icon-list.default\">\n\t\t\t\t<div class=\"elementor-widget-container\">\n\t\t\t\t\t\t\t<ul class=\"elementor-icon-list-items\">\n\t\t\t\t\t\t\t<li class=\"elementor-icon-list-item\">\n\t\t\t\t\t\t\t\t\t\t\t<a href=\"https:\/\/wa.me\/905497122233\">\n\n\t\t\t\t\t\t\t\t\t\t\t<span class=\"elementor-icon-list-text\">+90 549 712 22 33<\/span>\n\t\t\t\t\t\t\t\t\t\t\t<\/a>\n\t\t\t\t\t\t\t\t\t<\/li>\n\t\t\t\t\t\t<\/ul>\n\t\t\t\t\t\t<\/div>\n\t\t\t\t<\/div>\n\t\t\t\t<\/div>\n\t\t\t\t\t<\/div>\n\t\t\t\t<\/div>\n\t\t\t\t<\/div>\n\t\t","protected":false},"excerpt":{"rendered":"<p>Email info@rosemedical-tr.com Address S\u00fcmer, Prof. Dr. Turan G\u00fcne\u015f Cd NO:57L, D:23, 34025 Zeytinburnu\/\u0130stanbul Phone +90 549 712 22 33<\/p>\n","protected":false},"author":1,"featured_media":0,"parent":0,"menu_order":0,"comment_status":"closed","ping_status":"closed","template":"","meta":{"footnotes":""},"class_list":["post-4451","page","type-page","status-publish","hentry"],"yoast_head":"<!-- This site is optimized with the Yoast SEO plugin v27.0 - https:\/\/yoast.com\/product\/yoast-seo-wordpress\/ -->\n<title>Contacts - Rose Medical<\/title>\n<meta name=\"robots\" content=\"index, follow, max-snippet:-1, max-image-preview:large, max-video-preview:-1\" \/>\n<link rel=\"canonical\" href=\"https:\/\/rosemedical-tr.com\/fr\/contacts\/\" \/>\n<meta property=\"og:locale\" content=\"fr_FR\" \/>\n<meta property=\"og:type\" content=\"article\" \/>\n<meta property=\"og:title\" content=\"Contacts - Rose Medical\" \/>\n<meta property=\"og:description\" content=\"Email info@rosemedical-tr.com Address S\u00fcmer, Prof. Dr. Turan G\u00fcne\u015f Cd NO:57L, D:23, 34025 Zeytinburnu\/\u0130stanbul Phone +90 549 712 22 33\" \/>\n<meta property=\"og:url\" content=\"https:\/\/rosemedical-tr.com\/fr\/contacts\/\" \/>\n<meta property=\"og:site_name\" content=\"Rose Medical\" \/>\n<meta property=\"article:modified_time\" content=\"2024-09-06T14:08:40+00:00\" \/>\n<meta name=\"twitter:card\" content=\"summary_large_image\" \/>\n<meta name=\"twitter:label1\" content=\"Dur\u00e9e de lecture estim\u00e9e\" \/>\n\t<meta name=\"twitter:data1\" content=\"1 minute\" \/>\n<script type=\"application\/ld+json\" class=\"yoast-schema-graph\">{\"@context\":\"https:\/\/schema.org\",\"@graph\":[{\"@type\":\"WebPage\",\"@id\":\"https:\/\/rosemedical-tr.com\/fr\/contacts\/\",\"url\":\"https:\/\/rosemedical-tr.com\/fr\/contacts\/\",\"name\":\"Contacts - Rose Medical\",\"isPartOf\":{\"@id\":\"https:\/\/rosemedical-tr.com\/fr\/#website\"},\"datePublished\":\"2023-12-01T07:22:17+00:00\",\"dateModified\":\"2024-09-06T14:08:40+00:00\",\"breadcrumb\":{\"@id\":\"https:\/\/rosemedical-tr.com\/fr\/contacts\/#breadcrumb\"},\"inLanguage\":\"fr-FR\",\"potentialAction\":[{\"@type\":\"ReadAction\",\"target\":[\"https:\/\/rosemedical-tr.com\/fr\/contacts\/\"]}]},{\"@type\":\"BreadcrumbList\",\"@id\":\"https:\/\/rosemedical-tr.com\/fr\/contacts\/#breadcrumb\",\"itemListElement\":[{\"@type\":\"ListItem\",\"position\":1,\"name\":\"Accueil\",\"item\":\"https:\/\/rosemedical-tr.com\/fr\/\"},{\"@type\":\"ListItem\",\"position\":2,\"name\":\"Contacts\"}]},{\"@type\":\"WebSite\",\"@id\":\"https:\/\/rosemedical-tr.com\/fr\/#website\",\"url\":\"https:\/\/rosemedical-tr.com\/fr\/\",\"name\":\"Rose Medical\",\"description\":\"\",\"publisher\":{\"@id\":\"https:\/\/rosemedical-tr.com\/fr\/#organization\"},\"potentialAction\":[{\"@type\":\"SearchAction\",\"target\":{\"@type\":\"EntryPoint\",\"urlTemplate\":\"https:\/\/rosemedical-tr.com\/fr\/?s={search_term_string}\"},\"query-input\":{\"@type\":\"PropertyValueSpecification\",\"valueRequired\":true,\"valueName\":\"search_term_string\"}}],\"inLanguage\":\"fr-FR\"},{\"@type\":\"Organization\",\"@id\":\"https:\/\/rosemedical-tr.com\/fr\/#organization\",\"name\":\"Rose Medical\",\"url\":\"https:\/\/rosemedical-tr.com\/fr\/\",\"logo\":{\"@type\":\"ImageObject\",\"inLanguage\":\"fr-FR\",\"@id\":\"https:\/\/rosemedical-tr.com\/fr\/#\/schema\/logo\/image\/\",\"url\":\"https:\/\/rosemedical-tr.com\/wp-content\/uploads\/2024\/09\/Rose_logo.png\",\"contentUrl\":\"https:\/\/rosemedical-tr.com\/wp-content\/uploads\/2024\/09\/Rose_logo.png\",\"width\":769,\"height\":413,\"caption\":\"Rose Medical\"},\"image\":{\"@id\":\"https:\/\/rosemedical-tr.com\/fr\/#\/schema\/logo\/image\/\"}}]}<\/script>\n<!-- \/ Yoast SEO plugin. -->","yoast_head_json":{"title":"Contacts - Rose Medical","robots":{"index":"index","follow":"follow","max-snippet":"max-snippet:-1","max-image-preview":"max-image-preview:large","max-video-preview":"max-video-preview:-1"},"canonical":"https:\/\/rosemedical-tr.com\/fr\/contacts\/","og_locale":"fr_FR","og_type":"article","og_title":"Contacts - Rose Medical","og_description":"Email info@rosemedical-tr.com Address S\u00fcmer, Prof. Dr. Turan G\u00fcne\u015f Cd NO:57L, D:23, 34025 Zeytinburnu\/\u0130stanbul Phone +90 549 712 22 33","og_url":"https:\/\/rosemedical-tr.com\/fr\/contacts\/","og_site_name":"Rose Medical","article_modified_time":"2024-09-06T14:08:40+00:00","twitter_card":"summary_large_image","twitter_misc":{"Dur\u00e9e de lecture estim\u00e9e":"1 minute"},"schema":{"@context":"https:\/\/schema.org","@graph":[{"@type":"WebPage","@id":"https:\/\/rosemedical-tr.com\/fr\/contacts\/","url":"https:\/\/rosemedical-tr.com\/fr\/contacts\/","name":"Contacts - Rose Medical","isPartOf":{"@id":"https:\/\/rosemedical-tr.com\/fr\/#website"},"datePublished":"2023-12-01T07:22:17+00:00","dateModified":"2024-09-06T14:08:40+00:00","breadcrumb":{"@id":"https:\/\/rosemedical-tr.com\/fr\/contacts\/#breadcrumb"},"inLanguage":"fr-FR","potentialAction":[{"@type":"ReadAction","target":["https:\/\/rosemedical-tr.com\/fr\/contacts\/"]}]},{"@type":"BreadcrumbList","@id":"https:\/\/rosemedical-tr.com\/fr\/contacts\/#breadcrumb","itemListElement":[{"@type":"ListItem","position":1,"name":"Accueil","item":"https:\/\/rosemedical-tr.com\/fr\/"},{"@type":"ListItem","position":2,"name":"Contacts"}]},{"@type":"WebSite","@id":"https:\/\/rosemedical-tr.com\/fr\/#website","url":"https:\/\/rosemedical-tr.com\/fr\/","name":"Rose Medical","description":"","publisher":{"@id":"https:\/\/rosemedical-tr.com\/fr\/#organization"},"potentialAction":[{"@type":"SearchAction","target":{"@type":"EntryPoint","urlTemplate":"https:\/\/rosemedical-tr.com\/fr\/?s={search_term_string}"},"query-input":{"@type":"PropertyValueSpecification","valueRequired":true,"valueName":"search_term_string"}}],"inLanguage":"fr-FR"},{"@type":"Organization","@id":"https:\/\/rosemedical-tr.com\/fr\/#organization","name":"Rose Medical","url":"https:\/\/rosemedical-tr.com\/fr\/","logo":{"@type":"ImageObject","inLanguage":"fr-FR","@id":"https:\/\/rosemedical-tr.com\/fr\/#\/schema\/logo\/image\/","url":"https:\/\/rosemedical-tr.com\/wp-content\/uploads\/2024\/09\/Rose_logo.png","contentUrl":"https:\/\/rosemedical-tr.com\/wp-content\/uploads\/2024\/09\/Rose_logo.png","width":769,"height":413,"caption":"Rose Medical"},"image":{"@id":"https:\/\/rosemedical-tr.com\/fr\/#\/schema\/logo\/image\/"}}]}},"_links":{"self":[{"href":"https:\/\/rosemedical-tr.com\/fr\/wp-json\/wp\/v2\/pages\/4451","targetHints":{"allow":["GET"]}}],"collection":[{"href":"https:\/\/rosemedical-tr.com\/fr\/wp-json\/wp\/v2\/pages"}],"about":[{"href":"https:\/\/rosemedical-tr.com\/fr\/wp-json\/wp\/v2\/types\/page"}],"author":[{"embeddable":true,"href":"https:\/\/rosemedical-tr.com\/fr\/wp-json\/wp\/v2\/users\/1"}],"replies":[{"embeddable":true,"href":"https:\/\/rosemedical-tr.com\/fr\/wp-json\/wp\/v2\/comments?post=4451"}],"version-history":[{"count":21,"href":"https:\/\/rosemedical-tr.com\/fr\/wp-json\/wp\/v2\/pages\/4451\/revisions"}],"predecessor-version":[{"id":5624,"href":"https:\/\/rosemedical-tr.com\/fr\/wp-json\/wp\/v2\/pages\/4451\/revisions\/5624"}],"wp:attachment":[{"href":"https:\/\/rosemedical-tr.com\/fr\/wp-json\/wp\/v2\/media?parent=4451"}],"curies":[{"name":"wp","href":"https:\/\/api.w.org\/{rel}","templated":true}]}}