{"id":4453,"date":"2024-03-06T08:31:09","date_gmt":"2024-03-06T08:31:09","guid":{"rendered":"https:\/\/new.rosemedical-tr.com\/dental-excellence\/"},"modified":"2024-05-13T21:34:16","modified_gmt":"2024-05-13T21:34:16","slug":"dental-excellence","status":"publish","type":"page","link":"https:\/\/rosemedical-tr.com\/fr\/dental-excellence\/","title":{"rendered":"Excellence Dentaire"},"content":{"rendered":"<h1>Bienvenue \u00e0 la Rose Medical Clinic: O\u00f9 Tout Sourire Prend Vie\u2028<\/h1>\n<p>Salut ! Envie de d\u00e9couvrir un lieu qui r\u00e9alise \u00e0 quel point un sourire peut \u00eatre pr\u00e9cieux ? Bienvenue chez nous, \u00e0 la Rose Medical Clinic. Ici, votre sourire raconte une histoire &#8211; votre histoire &#8211; qui m\u00e9rite d\u2019\u00eatre r\u00e9v\u00e9l\u00e9e dans toute sa splendeur. Plus qu\u2019un simple soin dentaire, c\u2019est un voyage que nous entamons ensemble vers plus de bien-\u00eatre et de confiance en soi.<\/p>\n<p><strong>Votre Sourire, Un Tr\u00e9sor Unique<\/strong><br \/>Votre sourire est aussi unique que vos empreintes digitales. Nous prenons le temps d&#8217;\u00e9couter vos d\u00e9sirs pour concocter un plan de soin sur-mesure. Vous r\u00eavez d&#8217;un sourire qui illumine la pi\u00e8ce ou souhaitez simplement am\u00e9liorer votre sant\u00e9 dentaire ? Notre \u00e9quipe est l\u00e0 pour vous, pr\u00eate \u00e0 transformer ces r\u00eaves en r\u00e9alit\u00e9.<\/p>\n<p><strong>Technologie de Pointe et Accueil Chaleureux<\/strong><br \/>Notre clinique allie le meilleur de la technologie moderne \u00e0 une prise en charge attentive et chaleureuse. Gr\u00e2ce \u00e0 nos \u00e9quipements de derni\u00e8re g\u00e9n\u00e9ration, vos traitements sont rapides et efficaces, tandis que notre \u00e9quipe veille \u00e0 ce que vous vous sentiez \u00e0 l&#8217;aise et en s\u00e9curit\u00e9, de l&#8217;accueil jusqu&#8217;\u00e0 la fin de votre traitement.<\/p>\n<p><strong>Un Havre de Paix<\/strong><br \/>Conscients que la visite chez le dentiste peut \u00eatre source de stress pour certains, nous avons imagin\u00e9 notre clinique comme un espace de d\u00e9tente et de convivialit\u00e9. Des fauteuils douillets \u00e0 l&#8217;atmosph\u00e8re amicale qui r\u00e8gne, nous avons tout mis en \u0153uvre pour que votre passage chez nous soit le plus agr\u00e9able et relaxant possible.<\/p>\n<p>Une Offre Compl\u00e8te pour Tous Vos Besoins<br \/>Que ce soit pour un examen de routine, un nettoyage, ou des soins plus complexes comme des implants ou la r\u00e9alisation du sourire de vos r\u00eaves \u00e0 la Hollywood, nous offrons un \u00e9ventail complet de services. Notre ambition ? Vous accompagner \u00e0 chaque \u00e9tape du chemin pour garantir \u00e0 votre sourire sant\u00e9 et \u00e9clat.<\/p>\n<p><strong>Toujours \u00e0 Votre \u00c9coute<\/strong><br \/>Plus qu&#8217;une \u00e9quipe de professionnels de la sant\u00e9 dentaire, nous sommes des compagnons de route dans votre qu\u00eate du sourire parfait. \u00c0 l&#8217;\u00e9coute de vos besoins, nous sommes l\u00e0 pour vous soutenir et vous aider \u00e0 atteindre vos objectifs.<\/p>\n<p>Vous \u00eates pr\u00eat \u00e0 embarquer dans cette aventure avec nous ? Votre sourire unique est notre priorit\u00e9. Prenez contact d\u00e8s aujourd&#8217;hui, et ensemble, donnons vie \u00e0 un sourire aussi remarquable que vous. Chez la Rose Medical Clinic, chaque sourire commence ici, avec vous.<\/p>\n\n\n<div style=\"height:49px\" aria-hidden=\"true\" class=\"wp-block-spacer\"><\/div>\n","protected":false},"excerpt":{"rendered":"<p>Bienvenue \u00e0 la Rose Medical Clinic: O\u00f9 Tout Sourire Prend Vie\u2028 Salut ! Envie de d\u00e9couvrir un lieu qui r\u00e9alise \u00e0 quel point un sourire peut \u00eatre pr\u00e9cieux ? Bienvenue chez nous, \u00e0 la Rose Medical Clinic. Ici, votre sourire raconte une histoire &#8211; votre histoire &#8211; qui m\u00e9rite d\u2019\u00eatre r\u00e9v\u00e9l\u00e9e dans toute sa splendeur. [&hellip;]<\/p>\n","protected":false},"author":1,"featured_media":4374,"parent":0,"menu_order":0,"comment_status":"closed","ping_status":"closed","template":"","meta":{"footnotes":""},"class_list":["post-4453","page","type-page","status-publish","has-post-thumbnail","hentry"],"yoast_head":"<!-- This site is optimized with the Yoast SEO plugin v27.0 - https:\/\/yoast.com\/product\/yoast-seo-wordpress\/ -->\n<title>Excellence Dentaire - Rose Medical<\/title>\n<meta name=\"robots\" content=\"index, follow, max-snippet:-1, max-image-preview:large, max-video-preview:-1\" \/>\n<link rel=\"canonical\" href=\"https:\/\/rosemedical-tr.com\/fr\/dental-excellence\/\" \/>\n<meta property=\"og:locale\" content=\"fr_FR\" \/>\n<meta property=\"og:type\" content=\"article\" \/>\n<meta property=\"og:title\" content=\"Excellence Dentaire - Rose Medical\" \/>\n<meta property=\"og:description\" content=\"Bienvenue \u00e0 la Rose Medical Clinic: O\u00f9 Tout Sourire Prend Vie\u2028 Salut ! Envie de d\u00e9couvrir un lieu qui r\u00e9alise \u00e0 quel point un sourire peut \u00eatre pr\u00e9cieux ? Bienvenue chez nous, \u00e0 la Rose Medical Clinic. Ici, votre sourire raconte une histoire &#8211; votre histoire &#8211; qui m\u00e9rite d\u2019\u00eatre r\u00e9v\u00e9l\u00e9e dans toute sa splendeur. [&hellip;]\" \/>\n<meta property=\"og:url\" content=\"https:\/\/rosemedical-tr.com\/fr\/dental-excellence\/\" \/>\n<meta property=\"og:site_name\" content=\"Rose Medical\" \/>\n<meta property=\"article:modified_time\" content=\"2024-05-13T21:34:16+00:00\" \/>\n<meta property=\"og:image\" content=\"https:\/\/rosemedical-tr.com\/wp-content\/uploads\/2024\/01\/Porcelain-Veneers.webp\" \/>\n\t<meta property=\"og:image:width\" content=\"1760\" \/>\n\t<meta property=\"og:image:height\" content=\"450\" \/>\n\t<meta property=\"og:image:type\" content=\"image\/webp\" \/>\n<meta name=\"twitter:card\" content=\"summary_large_image\" \/>\n<meta name=\"twitter:label1\" content=\"Dur\u00e9e de lecture estim\u00e9e\" \/>\n\t<meta name=\"twitter:data1\" content=\"2 minutes\" \/>\n<script type=\"application\/ld+json\" class=\"yoast-schema-graph\">{\"@context\":\"https:\/\/schema.org\",\"@graph\":[{\"@type\":\"WebPage\",\"@id\":\"https:\/\/rosemedical-tr.com\/fr\/dental-excellence\/\",\"url\":\"https:\/\/rosemedical-tr.com\/fr\/dental-excellence\/\",\"name\":\"Excellence Dentaire - Rose Medical\",\"isPartOf\":{\"@id\":\"https:\/\/rosemedical-tr.com\/fr\/#website\"},\"primaryImageOfPage\":{\"@id\":\"https:\/\/rosemedical-tr.com\/fr\/dental-excellence\/#primaryimage\"},\"image\":{\"@id\":\"https:\/\/rosemedical-tr.com\/fr\/dental-excellence\/#primaryimage\"},\"thumbnailUrl\":\"https:\/\/rosemedical-tr.com\/wp-content\/uploads\/2024\/01\/Porcelain-Veneers.webp\",\"datePublished\":\"2024-03-06T08:31:09+00:00\",\"dateModified\":\"2024-05-13T21:34:16+00:00\",\"breadcrumb\":{\"@id\":\"https:\/\/rosemedical-tr.com\/fr\/dental-excellence\/#breadcrumb\"},\"inLanguage\":\"fr-FR\",\"potentialAction\":[{\"@type\":\"ReadAction\",\"target\":[\"https:\/\/rosemedical-tr.com\/fr\/dental-excellence\/\"]}]},{\"@type\":\"ImageObject\",\"inLanguage\":\"fr-FR\",\"@id\":\"https:\/\/rosemedical-tr.com\/fr\/dental-excellence\/#primaryimage\",\"url\":\"https:\/\/rosemedical-tr.com\/wp-content\/uploads\/2024\/01\/Porcelain-Veneers.webp\",\"contentUrl\":\"https:\/\/rosemedical-tr.com\/wp-content\/uploads\/2024\/01\/Porcelain-Veneers.webp\",\"width\":1760,\"height\":450},{\"@type\":\"BreadcrumbList\",\"@id\":\"https:\/\/rosemedical-tr.com\/fr\/dental-excellence\/#breadcrumb\",\"itemListElement\":[{\"@type\":\"ListItem\",\"position\":1,\"name\":\"Accueil\",\"item\":\"https:\/\/rosemedical-tr.com\/fr\/\"},{\"@type\":\"ListItem\",\"position\":2,\"name\":\"Excellence Dentaire\"}]},{\"@type\":\"WebSite\",\"@id\":\"https:\/\/rosemedical-tr.com\/fr\/#website\",\"url\":\"https:\/\/rosemedical-tr.com\/fr\/\",\"name\":\"Rose Medical\",\"description\":\"\",\"publisher\":{\"@id\":\"https:\/\/rosemedical-tr.com\/fr\/#organization\"},\"potentialAction\":[{\"@type\":\"SearchAction\",\"target\":{\"@type\":\"EntryPoint\",\"urlTemplate\":\"https:\/\/rosemedical-tr.com\/fr\/?s={search_term_string}\"},\"query-input\":{\"@type\":\"PropertyValueSpecification\",\"valueRequired\":true,\"valueName\":\"search_term_string\"}}],\"inLanguage\":\"fr-FR\"},{\"@type\":\"Organization\",\"@id\":\"https:\/\/rosemedical-tr.com\/fr\/#organization\",\"name\":\"Rose Medical\",\"url\":\"https:\/\/rosemedical-tr.com\/fr\/\",\"logo\":{\"@type\":\"ImageObject\",\"inLanguage\":\"fr-FR\",\"@id\":\"https:\/\/rosemedical-tr.com\/fr\/#\/schema\/logo\/image\/\",\"url\":\"https:\/\/rosemedical-tr.com\/wp-content\/uploads\/2024\/09\/Rose_logo.png\",\"contentUrl\":\"https:\/\/rosemedical-tr.com\/wp-content\/uploads\/2024\/09\/Rose_logo.png\",\"width\":769,\"height\":413,\"caption\":\"Rose Medical\"},\"image\":{\"@id\":\"https:\/\/rosemedical-tr.com\/fr\/#\/schema\/logo\/image\/\"}}]}<\/script>\n<!-- \/ Yoast SEO plugin. -->","yoast_head_json":{"title":"Excellence Dentaire - Rose Medical","robots":{"index":"index","follow":"follow","max-snippet":"max-snippet:-1","max-image-preview":"max-image-preview:large","max-video-preview":"max-video-preview:-1"},"canonical":"https:\/\/rosemedical-tr.com\/fr\/dental-excellence\/","og_locale":"fr_FR","og_type":"article","og_title":"Excellence Dentaire - Rose Medical","og_description":"Bienvenue \u00e0 la Rose Medical Clinic: O\u00f9 Tout Sourire Prend Vie\u2028 Salut ! Envie de d\u00e9couvrir un lieu qui r\u00e9alise \u00e0 quel point un sourire peut \u00eatre pr\u00e9cieux ? Bienvenue chez nous, \u00e0 la Rose Medical Clinic. Ici, votre sourire raconte une histoire &#8211; votre histoire &#8211; qui m\u00e9rite d\u2019\u00eatre r\u00e9v\u00e9l\u00e9e dans toute sa splendeur. [&hellip;]","og_url":"https:\/\/rosemedical-tr.com\/fr\/dental-excellence\/","og_site_name":"Rose Medical","article_modified_time":"2024-05-13T21:34:16+00:00","og_image":[{"width":1760,"height":450,"url":"https:\/\/rosemedical-tr.com\/wp-content\/uploads\/2024\/01\/Porcelain-Veneers.webp","type":"image\/webp"}],"twitter_card":"summary_large_image","twitter_misc":{"Dur\u00e9e de lecture estim\u00e9e":"2 minutes"},"schema":{"@context":"https:\/\/schema.org","@graph":[{"@type":"WebPage","@id":"https:\/\/rosemedical-tr.com\/fr\/dental-excellence\/","url":"https:\/\/rosemedical-tr.com\/fr\/dental-excellence\/","name":"Excellence Dentaire - Rose Medical","isPartOf":{"@id":"https:\/\/rosemedical-tr.com\/fr\/#website"},"primaryImageOfPage":{"@id":"https:\/\/rosemedical-tr.com\/fr\/dental-excellence\/#primaryimage"},"image":{"@id":"https:\/\/rosemedical-tr.com\/fr\/dental-excellence\/#primaryimage"},"thumbnailUrl":"https:\/\/rosemedical-tr.com\/wp-content\/uploads\/2024\/01\/Porcelain-Veneers.webp","datePublished":"2024-03-06T08:31:09+00:00","dateModified":"2024-05-13T21:34:16+00:00","breadcrumb":{"@id":"https:\/\/rosemedical-tr.com\/fr\/dental-excellence\/#breadcrumb"},"inLanguage":"fr-FR","potentialAction":[{"@type":"ReadAction","target":["https:\/\/rosemedical-tr.com\/fr\/dental-excellence\/"]}]},{"@type":"ImageObject","inLanguage":"fr-FR","@id":"https:\/\/rosemedical-tr.com\/fr\/dental-excellence\/#primaryimage","url":"https:\/\/rosemedical-tr.com\/wp-content\/uploads\/2024\/01\/Porcelain-Veneers.webp","contentUrl":"https:\/\/rosemedical-tr.com\/wp-content\/uploads\/2024\/01\/Porcelain-Veneers.webp","width":1760,"height":450},{"@type":"BreadcrumbList","@id":"https:\/\/rosemedical-tr.com\/fr\/dental-excellence\/#breadcrumb","itemListElement":[{"@type":"ListItem","position":1,"name":"Accueil","item":"https:\/\/rosemedical-tr.com\/fr\/"},{"@type":"ListItem","position":2,"name":"Excellence Dentaire"}]},{"@type":"WebSite","@id":"https:\/\/rosemedical-tr.com\/fr\/#website","url":"https:\/\/rosemedical-tr.com\/fr\/","name":"Rose Medical","description":"","publisher":{"@id":"https:\/\/rosemedical-tr.com\/fr\/#organization"},"potentialAction":[{"@type":"SearchAction","target":{"@type":"EntryPoint","urlTemplate":"https:\/\/rosemedical-tr.com\/fr\/?s={search_term_string}"},"query-input":{"@type":"PropertyValueSpecification","valueRequired":true,"valueName":"search_term_string"}}],"inLanguage":"fr-FR"},{"@type":"Organization","@id":"https:\/\/rosemedical-tr.com\/fr\/#organization","name":"Rose Medical","url":"https:\/\/rosemedical-tr.com\/fr\/","logo":{"@type":"ImageObject","inLanguage":"fr-FR","@id":"https:\/\/rosemedical-tr.com\/fr\/#\/schema\/logo\/image\/","url":"https:\/\/rosemedical-tr.com\/wp-content\/uploads\/2024\/09\/Rose_logo.png","contentUrl":"https:\/\/rosemedical-tr.com\/wp-content\/uploads\/2024\/09\/Rose_logo.png","width":769,"height":413,"caption":"Rose Medical"},"image":{"@id":"https:\/\/rosemedical-tr.com\/fr\/#\/schema\/logo\/image\/"}}]}},"_links":{"self":[{"href":"https:\/\/rosemedical-tr.com\/fr\/wp-json\/wp\/v2\/pages\/4453","targetHints":{"allow":["GET"]}}],"collection":[{"href":"https:\/\/rosemedical-tr.com\/fr\/wp-json\/wp\/v2\/pages"}],"about":[{"href":"https:\/\/rosemedical-tr.com\/fr\/wp-json\/wp\/v2\/types\/page"}],"author":[{"embeddable":true,"href":"https:\/\/rosemedical-tr.com\/fr\/wp-json\/wp\/v2\/users\/1"}],"replies":[{"embeddable":true,"href":"https:\/\/rosemedical-tr.com\/fr\/wp-json\/wp\/v2\/comments?post=4453"}],"version-history":[{"count":1,"href":"https:\/\/rosemedical-tr.com\/fr\/wp-json\/wp\/v2\/pages\/4453\/revisions"}],"predecessor-version":[{"id":4606,"href":"https:\/\/rosemedical-tr.com\/fr\/wp-json\/wp\/v2\/pages\/4453\/revisions\/4606"}],"wp:featuredmedia":[{"embeddable":true,"href":"https:\/\/rosemedical-tr.com\/fr\/wp-json\/wp\/v2\/media\/4374"}],"wp:attachment":[{"href":"https:\/\/rosemedical-tr.com\/fr\/wp-json\/wp\/v2\/media?parent=4453"}],"curies":[{"name":"wp","href":"https:\/\/api.w.org\/{rel}","templated":true}]}}