{"id":4457,"date":"2024-03-06T08:23:44","date_gmt":"2024-03-06T08:23:44","guid":{"rendered":"https:\/\/new.rosemedical-tr.com\/hair-transplante\/"},"modified":"2024-05-13T21:36:04","modified_gmt":"2024-05-13T21:36:04","slug":"hair-transplante","status":"publish","type":"page","link":"https:\/\/rosemedical-tr.com\/fr\/hair-transplante\/","title":{"rendered":"Greffe de cheveux"},"content":{"rendered":"<h1>L&#8217;exp\u00e9rience de la greffe de cheveux \u00e0 la Rose Medical Clinic<\/h1>\n<p>Salut \u00e0 vous ! Bienvenue dans notre petit coin douillet du monde, la Rose Medical Clinic. Nous sommes l\u00e0 pour vous redonner non seulement des m\u00e8ches de cheveux, mais aussi beaucoup de confiance en vous.<\/p>\n<p><strong>Voici comment nous proc\u00e9dons<\/strong><\/p>\n<p>Chez nous, nous misons beaucoup sur la FUE et la FUT\u2014deux acronymes sophistiqu\u00e9s qui repr\u00e9sentent les traitements capillaires de pointe que nous proposons. Mais ce qui nous distingue, ce n&#8217;est pas seulement ces techniques avanc\u00e9es ; c&#8217;est le c\u0153ur et l&#8217;\u00e2me que notre \u00e9quipe investit dans chaque proc\u00e9dure. Nos docteurs ? Ils sont des magiciens dans ce qu&#8217;ils font, c&#8217;est s\u00fbr, mais leur v\u00e9ritable magie r\u00e9side dans la fa\u00e7on dont ils vous font sentir pris en charge et compris du d\u00e9but \u00e0 la fin.<\/p>\n<p><strong>Pourquoi la Rose Medical Clinic est comme un foyer<\/strong><\/p>\n<p>Nos gens : Imaginez avoir un ami qui est \u00e9galement un gourou de la restauration capillaire. C&#8217;est nous. Nous avons fait le tour du p\u00e2t\u00e9 de maisons, aidant des tonnes de gens \u00e0 red\u00e9couvrir leur assurance.<br \/>Notre \u00e9quipement : Nous sommes passionn\u00e9s par les derniers gadgets et perc\u00e9es dans le domaine capillaire pour vous assurer de recevoir le traitement haut de gamme que vous m\u00e9ritez.<br \/>Notre ambiance : Chaque \u00e9tape de votre voyage est con\u00e7ue autour de vous. Nous attachons une grande importance \u00e0 l&#8217;\u00e9coute, aux soins, et nous aimons encore plus c\u00e9l\u00e9brer le nouveau vous.<\/p>\n<p><strong>De notre famille \u00e0 la v\u00f4tre<\/strong><\/p>\n<p>Rien ne r\u00e9chauffe plus nos c\u0153urs que de voir la transformation de nos patients. Il ne s&#8217;agit pas seulement des cheveux (m\u00eame si, croyez-nous, le r\u00e9sultat sera fantastique). Il s&#8217;agit des sourires, de la confiance retrouv\u00e9e et des histoires de joie que nous entendons chaque jour. C&#8217;est notre v\u00e9ritable r\u00e9compense.<\/p>\n<p><strong>Commen\u00e7ons cette aventure ensemble<\/strong><\/p>\n<p>Vous pensez \u00e0 franchir le pas vers la restauration capillaire ? Nous sommes juste l\u00e0, pr\u00eats \u00e0 nous lancer dans cette aventure avec vous. \u00c0 la Rose Medical Clinic, il s&#8217;agit de plus qu&#8217;une proc\u00e9dure ; c&#8217;est un partenariat. Nous sommes tous dans le m\u00eame bateau, du premier bonjour jusqu&#8217;\u00e0 la grande r\u00e9v\u00e9lation.<\/p>\n<p>Curieux ? Excit\u00e9 ? Peut-\u00eatre un peu des deux ? Envoyez-nous un message. Discutons de comment nous pouvons vous aider \u00e0 entrer dans un chapitre de votre vie plus lumineux et plein de confiance. Nous avons h\u00e2te de vous rencontrer et de commencer.<\/p>\n<p>\u00a0<\/p>\n\n\n<div style=\"height:14px\" aria-hidden=\"true\" class=\"wp-block-spacer\"><\/div>\n","protected":false},"excerpt":{"rendered":"<p>L&#8217;exp\u00e9rience de la greffe de cheveux \u00e0 la Rose Medical Clinic Salut \u00e0 vous ! Bienvenue dans notre petit coin douillet du monde, la Rose Medical Clinic. Nous sommes l\u00e0 pour vous redonner non seulement des m\u00e8ches de cheveux, mais aussi beaucoup de confiance en vous. Voici comment nous proc\u00e9dons Chez nous, nous misons beaucoup [&hellip;]<\/p>\n","protected":false},"author":1,"featured_media":4340,"parent":0,"menu_order":0,"comment_status":"closed","ping_status":"closed","template":"","meta":{"footnotes":""},"class_list":["post-4457","page","type-page","status-publish","has-post-thumbnail","hentry"],"yoast_head":"<!-- This site is optimized with the Yoast SEO plugin v27.4 - https:\/\/yoast.com\/product\/yoast-seo-wordpress\/ -->\n<title>Greffe de cheveux - Rose Medical<\/title>\n<meta name=\"robots\" content=\"index, follow, max-snippet:-1, max-image-preview:large, max-video-preview:-1\" \/>\n<link rel=\"canonical\" href=\"https:\/\/rosemedical-tr.com\/fr\/hair-transplante\/\" \/>\n<meta property=\"og:locale\" content=\"fr_FR\" \/>\n<meta property=\"og:type\" content=\"article\" \/>\n<meta property=\"og:title\" content=\"Greffe de cheveux - Rose Medical\" \/>\n<meta property=\"og:description\" content=\"L&#8217;exp\u00e9rience de la greffe de cheveux \u00e0 la Rose Medical Clinic Salut \u00e0 vous ! Bienvenue dans notre petit coin douillet du monde, la Rose Medical Clinic. Nous sommes l\u00e0 pour vous redonner non seulement des m\u00e8ches de cheveux, mais aussi beaucoup de confiance en vous. Voici comment nous proc\u00e9dons Chez nous, nous misons beaucoup [&hellip;]\" \/>\n<meta property=\"og:url\" content=\"https:\/\/rosemedical-tr.com\/fr\/hair-transplante\/\" \/>\n<meta property=\"og:site_name\" content=\"Rose Medical\" \/>\n<meta property=\"article:modified_time\" content=\"2024-05-13T21:36:04+00:00\" \/>\n<meta property=\"og:image\" content=\"https:\/\/rosemedical-tr.com\/wp-content\/uploads\/2024\/01\/Hair-Transplant-For-Man.webp\" \/>\n\t<meta property=\"og:image:width\" content=\"1760\" \/>\n\t<meta property=\"og:image:height\" content=\"450\" \/>\n\t<meta property=\"og:image:type\" content=\"image\/webp\" \/>\n<meta name=\"twitter:card\" content=\"summary_large_image\" \/>\n<meta name=\"twitter:label1\" content=\"Dur\u00e9e de lecture estim\u00e9e\" \/>\n\t<meta name=\"twitter:data1\" content=\"2 minutes\" \/>\n<script type=\"application\/ld+json\" class=\"yoast-schema-graph\">{\"@context\":\"https:\\\/\\\/schema.org\",\"@graph\":[{\"@type\":\"WebPage\",\"@id\":\"https:\\\/\\\/rosemedical-tr.com\\\/fr\\\/hair-transplante\\\/\",\"url\":\"https:\\\/\\\/rosemedical-tr.com\\\/fr\\\/hair-transplante\\\/\",\"name\":\"Greffe de cheveux - Rose Medical\",\"isPartOf\":{\"@id\":\"https:\\\/\\\/rosemedical-tr.com\\\/fr\\\/#website\"},\"primaryImageOfPage\":{\"@id\":\"https:\\\/\\\/rosemedical-tr.com\\\/fr\\\/hair-transplante\\\/#primaryimage\"},\"image\":{\"@id\":\"https:\\\/\\\/rosemedical-tr.com\\\/fr\\\/hair-transplante\\\/#primaryimage\"},\"thumbnailUrl\":\"https:\\\/\\\/rosemedical-tr.com\\\/wp-content\\\/uploads\\\/2024\\\/01\\\/Hair-Transplant-For-Man.webp\",\"datePublished\":\"2024-03-06T08:23:44+00:00\",\"dateModified\":\"2024-05-13T21:36:04+00:00\",\"breadcrumb\":{\"@id\":\"https:\\\/\\\/rosemedical-tr.com\\\/fr\\\/hair-transplante\\\/#breadcrumb\"},\"inLanguage\":\"fr-FR\",\"potentialAction\":[{\"@type\":\"ReadAction\",\"target\":[\"https:\\\/\\\/rosemedical-tr.com\\\/fr\\\/hair-transplante\\\/\"]}]},{\"@type\":\"ImageObject\",\"inLanguage\":\"fr-FR\",\"@id\":\"https:\\\/\\\/rosemedical-tr.com\\\/fr\\\/hair-transplante\\\/#primaryimage\",\"url\":\"https:\\\/\\\/rosemedical-tr.com\\\/wp-content\\\/uploads\\\/2024\\\/01\\\/Hair-Transplant-For-Man.webp\",\"contentUrl\":\"https:\\\/\\\/rosemedical-tr.com\\\/wp-content\\\/uploads\\\/2024\\\/01\\\/Hair-Transplant-For-Man.webp\",\"width\":1760,\"height\":450},{\"@type\":\"BreadcrumbList\",\"@id\":\"https:\\\/\\\/rosemedical-tr.com\\\/fr\\\/hair-transplante\\\/#breadcrumb\",\"itemListElement\":[{\"@type\":\"ListItem\",\"position\":1,\"name\":\"Accueil\",\"item\":\"https:\\\/\\\/rosemedical-tr.com\\\/fr\\\/\"},{\"@type\":\"ListItem\",\"position\":2,\"name\":\"Greffe de cheveux\"}]},{\"@type\":\"WebSite\",\"@id\":\"https:\\\/\\\/rosemedical-tr.com\\\/fr\\\/#website\",\"url\":\"https:\\\/\\\/rosemedical-tr.com\\\/fr\\\/\",\"name\":\"Rose Medical\",\"description\":\"\",\"publisher\":{\"@id\":\"https:\\\/\\\/rosemedical-tr.com\\\/fr\\\/#organization\"},\"potentialAction\":[{\"@type\":\"SearchAction\",\"target\":{\"@type\":\"EntryPoint\",\"urlTemplate\":\"https:\\\/\\\/rosemedical-tr.com\\\/fr\\\/?s={search_term_string}\"},\"query-input\":{\"@type\":\"PropertyValueSpecification\",\"valueRequired\":true,\"valueName\":\"search_term_string\"}}],\"inLanguage\":\"fr-FR\"},{\"@type\":\"Organization\",\"@id\":\"https:\\\/\\\/rosemedical-tr.com\\\/fr\\\/#organization\",\"name\":\"Rose Medical\",\"url\":\"https:\\\/\\\/rosemedical-tr.com\\\/fr\\\/\",\"logo\":{\"@type\":\"ImageObject\",\"inLanguage\":\"fr-FR\",\"@id\":\"https:\\\/\\\/rosemedical-tr.com\\\/fr\\\/#\\\/schema\\\/logo\\\/image\\\/\",\"url\":\"https:\\\/\\\/rosemedical-tr.com\\\/wp-content\\\/uploads\\\/2024\\\/09\\\/Rose_logo.png\",\"contentUrl\":\"https:\\\/\\\/rosemedical-tr.com\\\/wp-content\\\/uploads\\\/2024\\\/09\\\/Rose_logo.png\",\"width\":769,\"height\":413,\"caption\":\"Rose Medical\"},\"image\":{\"@id\":\"https:\\\/\\\/rosemedical-tr.com\\\/fr\\\/#\\\/schema\\\/logo\\\/image\\\/\"}}]}<\/script>\n<!-- \/ Yoast SEO plugin. -->","yoast_head_json":{"title":"Greffe de cheveux - Rose Medical","robots":{"index":"index","follow":"follow","max-snippet":"max-snippet:-1","max-image-preview":"max-image-preview:large","max-video-preview":"max-video-preview:-1"},"canonical":"https:\/\/rosemedical-tr.com\/fr\/hair-transplante\/","og_locale":"fr_FR","og_type":"article","og_title":"Greffe de cheveux - Rose Medical","og_description":"L&#8217;exp\u00e9rience de la greffe de cheveux \u00e0 la Rose Medical Clinic Salut \u00e0 vous ! Bienvenue dans notre petit coin douillet du monde, la Rose Medical Clinic. Nous sommes l\u00e0 pour vous redonner non seulement des m\u00e8ches de cheveux, mais aussi beaucoup de confiance en vous. Voici comment nous proc\u00e9dons Chez nous, nous misons beaucoup [&hellip;]","og_url":"https:\/\/rosemedical-tr.com\/fr\/hair-transplante\/","og_site_name":"Rose Medical","article_modified_time":"2024-05-13T21:36:04+00:00","og_image":[{"width":1760,"height":450,"url":"https:\/\/rosemedical-tr.com\/wp-content\/uploads\/2024\/01\/Hair-Transplant-For-Man.webp","type":"image\/webp"}],"twitter_card":"summary_large_image","twitter_misc":{"Dur\u00e9e de lecture estim\u00e9e":"2 minutes"},"schema":{"@context":"https:\/\/schema.org","@graph":[{"@type":"WebPage","@id":"https:\/\/rosemedical-tr.com\/fr\/hair-transplante\/","url":"https:\/\/rosemedical-tr.com\/fr\/hair-transplante\/","name":"Greffe de cheveux - Rose Medical","isPartOf":{"@id":"https:\/\/rosemedical-tr.com\/fr\/#website"},"primaryImageOfPage":{"@id":"https:\/\/rosemedical-tr.com\/fr\/hair-transplante\/#primaryimage"},"image":{"@id":"https:\/\/rosemedical-tr.com\/fr\/hair-transplante\/#primaryimage"},"thumbnailUrl":"https:\/\/rosemedical-tr.com\/wp-content\/uploads\/2024\/01\/Hair-Transplant-For-Man.webp","datePublished":"2024-03-06T08:23:44+00:00","dateModified":"2024-05-13T21:36:04+00:00","breadcrumb":{"@id":"https:\/\/rosemedical-tr.com\/fr\/hair-transplante\/#breadcrumb"},"inLanguage":"fr-FR","potentialAction":[{"@type":"ReadAction","target":["https:\/\/rosemedical-tr.com\/fr\/hair-transplante\/"]}]},{"@type":"ImageObject","inLanguage":"fr-FR","@id":"https:\/\/rosemedical-tr.com\/fr\/hair-transplante\/#primaryimage","url":"https:\/\/rosemedical-tr.com\/wp-content\/uploads\/2024\/01\/Hair-Transplant-For-Man.webp","contentUrl":"https:\/\/rosemedical-tr.com\/wp-content\/uploads\/2024\/01\/Hair-Transplant-For-Man.webp","width":1760,"height":450},{"@type":"BreadcrumbList","@id":"https:\/\/rosemedical-tr.com\/fr\/hair-transplante\/#breadcrumb","itemListElement":[{"@type":"ListItem","position":1,"name":"Accueil","item":"https:\/\/rosemedical-tr.com\/fr\/"},{"@type":"ListItem","position":2,"name":"Greffe de cheveux"}]},{"@type":"WebSite","@id":"https:\/\/rosemedical-tr.com\/fr\/#website","url":"https:\/\/rosemedical-tr.com\/fr\/","name":"Rose Medical","description":"","publisher":{"@id":"https:\/\/rosemedical-tr.com\/fr\/#organization"},"potentialAction":[{"@type":"SearchAction","target":{"@type":"EntryPoint","urlTemplate":"https:\/\/rosemedical-tr.com\/fr\/?s={search_term_string}"},"query-input":{"@type":"PropertyValueSpecification","valueRequired":true,"valueName":"search_term_string"}}],"inLanguage":"fr-FR"},{"@type":"Organization","@id":"https:\/\/rosemedical-tr.com\/fr\/#organization","name":"Rose Medical","url":"https:\/\/rosemedical-tr.com\/fr\/","logo":{"@type":"ImageObject","inLanguage":"fr-FR","@id":"https:\/\/rosemedical-tr.com\/fr\/#\/schema\/logo\/image\/","url":"https:\/\/rosemedical-tr.com\/wp-content\/uploads\/2024\/09\/Rose_logo.png","contentUrl":"https:\/\/rosemedical-tr.com\/wp-content\/uploads\/2024\/09\/Rose_logo.png","width":769,"height":413,"caption":"Rose Medical"},"image":{"@id":"https:\/\/rosemedical-tr.com\/fr\/#\/schema\/logo\/image\/"}}]}},"_links":{"self":[{"href":"https:\/\/rosemedical-tr.com\/fr\/wp-json\/wp\/v2\/pages\/4457","targetHints":{"allow":["GET"]}}],"collection":[{"href":"https:\/\/rosemedical-tr.com\/fr\/wp-json\/wp\/v2\/pages"}],"about":[{"href":"https:\/\/rosemedical-tr.com\/fr\/wp-json\/wp\/v2\/types\/page"}],"author":[{"embeddable":true,"href":"https:\/\/rosemedical-tr.com\/fr\/wp-json\/wp\/v2\/users\/1"}],"replies":[{"embeddable":true,"href":"https:\/\/rosemedical-tr.com\/fr\/wp-json\/wp\/v2\/comments?post=4457"}],"version-history":[{"count":1,"href":"https:\/\/rosemedical-tr.com\/fr\/wp-json\/wp\/v2\/pages\/4457\/revisions"}],"predecessor-version":[{"id":4608,"href":"https:\/\/rosemedical-tr.com\/fr\/wp-json\/wp\/v2\/pages\/4457\/revisions\/4608"}],"wp:featuredmedia":[{"embeddable":true,"href":"https:\/\/rosemedical-tr.com\/fr\/wp-json\/wp\/v2\/media\/4340"}],"wp:attachment":[{"href":"https:\/\/rosemedical-tr.com\/fr\/wp-json\/wp\/v2\/media?parent=4457"}],"curies":[{"name":"wp","href":"https:\/\/api.w.org\/{rel}","templated":true}]}}