{"id":4460,"date":"2024-04-03T09:27:33","date_gmt":"2024-04-03T09:27:33","guid":{"rendered":"https:\/\/new.rosemedical-tr.com\/plastic-surgery\/"},"modified":"2024-05-30T11:50:04","modified_gmt":"2024-05-30T11:50:04","slug":"plastic-surgery","status":"publish","type":"page","link":"https:\/\/rosemedical-tr.com\/fr\/plastic-surgery\/","title":{"rendered":"la Chirurgie Plastique"},"content":{"rendered":"<h1>Naviguer entre la beaut\u00e9 et les soins\u00a0: un guide complet des services de chirurgie plastique de la Rose Medical Clinic<\/h1>\n<p>Au c\u0153ur de Rose Medical Clinic se trouve une profonde compr\u00e9hension du fait que la beaut\u00e9 transcende la simple apparence ext\u00e9rieure ; cela refl\u00e8te nos sentiments int\u00e9rieurs et notre perception de nous-m\u00eames. Cette croyance n\u2019est pas seulement une d\u00e9claration ; il incarne la philosophie qui guide nos op\u00e9rations quotidiennes, en pratiquant une chirurgie plastique transformationnelle avec le plus grand soin et professionnalisme. Cet article s&#8217;aventure dans l&#8217;essence de notre clinique, o\u00f9 des soins de beaut\u00e9 exceptionnels se rencontrent pour offrir des r\u00e9sultats d\u00e9passant les attentes tout en respectant le caract\u00e8re unique de chaque patient.<\/p>\n<p><strong>Notre engagement envers des soins personnalis\u00e9s<\/strong><br \/>\n\u00c0 Rose Medical Clinic, nous respectons les normes de qualit\u00e9 et de s\u00e9curit\u00e9 les plus \u00e9lev\u00e9es, ce qui nous distingue par notre d\u00e9vouement aux soins personnalis\u00e9s. Chaque patient apporte un r\u00e9cit et des aspirations uniques \u00e0 notre porte, cherchant \u00e0 transformer ces r\u00eaves en r\u00e9alit\u00e9. Notre \u00e9quipe, connue pour ses chirurgiens qualifi\u00e9s, se distingue par son d\u00e9vouement \u00e0 la cr\u00e9ation de r\u00e9sultats cosm\u00e9tiques qui incarnent l&#8217;\u00e9l\u00e9gance et l&#8217;authenticit\u00e9.<\/p>\n<p><strong>Tirer parti de la technologie avanc\u00e9e pour des soins sur mesure<\/strong><br \/>\nNous consid\u00e9rons chaque intervention de chirurgie plastique comme un chef-d\u2019\u0153uvre n\u00e9cessitant pr\u00e9cision et attention m\u00e9ticuleuse. Gr\u00e2ce \u00e0 une technologie et des \u00e9quipements de pointe, nous garantissons des r\u00e9sultats pr\u00e9cis et harmonieux adapt\u00e9s aux attributs physiques de chaque patient. Nos plans de traitement individualis\u00e9s garantissent une exp\u00e9rience sur mesure, qui correspond \u00e0 vos objectifs esth\u00e9tiques personnels.<\/p>\n<p><strong>Un parcours d&#8217;exp\u00e9rience patient<\/strong><br \/>\nComprenant le parcours \u00e9motionnel qu\u2019implique le choix d\u2019une chirurgie esth\u00e9tique, nous nous effor\u00e7ons de garantir que votre exp\u00e9rience avec nous soit fluide et rassurante du d\u00e9but \u00e0 la fin. Notre clinique offre un environnement favorable o\u00f9 vous pouvez discuter ouvertement de vos d\u00e9sirs et de vos pr\u00e9occupations, garantissant ainsi un chemin marqu\u00e9 par la compr\u00e9hension et la confiance.<\/p>\n<p><strong>Impact transformateur\u00a0: au-del\u00e0 des r\u00e9sultats exceptionnels<\/strong><br \/>\nLes transformations dont nous sommes t\u00e9moins chez nos patients sont notre plus grande motivation. Des am\u00e9liorations subtiles aux changements profonds, chaque proc\u00e9dure raconte une histoire de confiance en soi et d\u2019\u00e9panouissement. Les t\u00e9moignages de nos patients en disent long sur notre engagement envers l\u2019excellence et les soins empreints de compassion, faisant de chaque voyage cosm\u00e9tique avec nous un moment m\u00e9morable.<\/p>\n","protected":false},"excerpt":{"rendered":"<p>Naviguer entre la beaut\u00e9 et les soins\u00a0: un guide complet des services de chirurgie plastique de la Rose Medical Clinic Au c\u0153ur de Rose Medical Clinic se trouve une profonde compr\u00e9hension du fait que la beaut\u00e9 transcende la simple apparence ext\u00e9rieure ; cela refl\u00e8te nos sentiments int\u00e9rieurs et notre perception de nous-m\u00eames. Cette croyance n\u2019est [&hellip;]<\/p>\n","protected":false},"author":1,"featured_media":4948,"parent":0,"menu_order":0,"comment_status":"closed","ping_status":"closed","template":"","meta":{"footnotes":""},"class_list":["post-4460","page","type-page","status-publish","has-post-thumbnail","hentry"],"yoast_head":"<!-- This site is optimized with the Yoast SEO plugin v27.0 - https:\/\/yoast.com\/product\/yoast-seo-wordpress\/ -->\n<title>la Chirurgie Plastique - Rose Medical<\/title>\n<meta name=\"robots\" content=\"index, follow, max-snippet:-1, max-image-preview:large, max-video-preview:-1\" \/>\n<link rel=\"canonical\" href=\"https:\/\/rosemedical-tr.com\/fr\/plastic-surgery\/\" \/>\n<meta property=\"og:locale\" content=\"fr_FR\" \/>\n<meta property=\"og:type\" content=\"article\" \/>\n<meta property=\"og:title\" content=\"la Chirurgie Plastique - Rose Medical\" \/>\n<meta property=\"og:description\" content=\"Naviguer entre la beaut\u00e9 et les soins\u00a0: un guide complet des services de chirurgie plastique de la Rose Medical Clinic Au c\u0153ur de Rose Medical Clinic se trouve une profonde compr\u00e9hension du fait que la beaut\u00e9 transcende la simple apparence ext\u00e9rieure ; cela refl\u00e8te nos sentiments int\u00e9rieurs et notre perception de nous-m\u00eames. Cette croyance n\u2019est [&hellip;]\" \/>\n<meta property=\"og:url\" content=\"https:\/\/rosemedical-tr.com\/fr\/plastic-surgery\/\" \/>\n<meta property=\"og:site_name\" content=\"Rose Medical\" \/>\n<meta property=\"article:modified_time\" content=\"2024-05-30T11:50:04+00:00\" \/>\n<meta property=\"og:image\" content=\"https:\/\/rosemedical-tr.com\/wp-content\/uploads\/2024\/05\/woman-with-perfect-clean-skin-lifting-arrows-scaled.webp\" \/>\n\t<meta property=\"og:image:width\" content=\"2560\" \/>\n\t<meta property=\"og:image:height\" content=\"1172\" \/>\n\t<meta property=\"og:image:type\" content=\"image\/webp\" \/>\n<meta name=\"twitter:card\" content=\"summary_large_image\" \/>\n<meta name=\"twitter:label1\" content=\"Dur\u00e9e de lecture estim\u00e9e\" \/>\n\t<meta name=\"twitter:data1\" content=\"2 minutes\" \/>\n<script type=\"application\/ld+json\" class=\"yoast-schema-graph\">{\"@context\":\"https:\/\/schema.org\",\"@graph\":[{\"@type\":\"WebPage\",\"@id\":\"https:\/\/rosemedical-tr.com\/fr\/plastic-surgery\/\",\"url\":\"https:\/\/rosemedical-tr.com\/fr\/plastic-surgery\/\",\"name\":\"la Chirurgie Plastique - Rose Medical\",\"isPartOf\":{\"@id\":\"https:\/\/rosemedical-tr.com\/fr\/#website\"},\"primaryImageOfPage\":{\"@id\":\"https:\/\/rosemedical-tr.com\/fr\/plastic-surgery\/#primaryimage\"},\"image\":{\"@id\":\"https:\/\/rosemedical-tr.com\/fr\/plastic-surgery\/#primaryimage\"},\"thumbnailUrl\":\"https:\/\/rosemedical-tr.com\/wp-content\/uploads\/2024\/05\/woman-with-perfect-clean-skin-lifting-arrows-scaled.webp\",\"datePublished\":\"2024-04-03T09:27:33+00:00\",\"dateModified\":\"2024-05-30T11:50:04+00:00\",\"breadcrumb\":{\"@id\":\"https:\/\/rosemedical-tr.com\/fr\/plastic-surgery\/#breadcrumb\"},\"inLanguage\":\"fr-FR\",\"potentialAction\":[{\"@type\":\"ReadAction\",\"target\":[\"https:\/\/rosemedical-tr.com\/fr\/plastic-surgery\/\"]}]},{\"@type\":\"ImageObject\",\"inLanguage\":\"fr-FR\",\"@id\":\"https:\/\/rosemedical-tr.com\/fr\/plastic-surgery\/#primaryimage\",\"url\":\"https:\/\/rosemedical-tr.com\/wp-content\/uploads\/2024\/05\/woman-with-perfect-clean-skin-lifting-arrows-scaled.webp\",\"contentUrl\":\"https:\/\/rosemedical-tr.com\/wp-content\/uploads\/2024\/05\/woman-with-perfect-clean-skin-lifting-arrows-scaled.webp\",\"width\":2560,\"height\":1172},{\"@type\":\"BreadcrumbList\",\"@id\":\"https:\/\/rosemedical-tr.com\/fr\/plastic-surgery\/#breadcrumb\",\"itemListElement\":[{\"@type\":\"ListItem\",\"position\":1,\"name\":\"Accueil\",\"item\":\"https:\/\/rosemedical-tr.com\/fr\/\"},{\"@type\":\"ListItem\",\"position\":2,\"name\":\"la Chirurgie Plastique\"}]},{\"@type\":\"WebSite\",\"@id\":\"https:\/\/rosemedical-tr.com\/fr\/#website\",\"url\":\"https:\/\/rosemedical-tr.com\/fr\/\",\"name\":\"Rose Medical\",\"description\":\"\",\"publisher\":{\"@id\":\"https:\/\/rosemedical-tr.com\/fr\/#organization\"},\"potentialAction\":[{\"@type\":\"SearchAction\",\"target\":{\"@type\":\"EntryPoint\",\"urlTemplate\":\"https:\/\/rosemedical-tr.com\/fr\/?s={search_term_string}\"},\"query-input\":{\"@type\":\"PropertyValueSpecification\",\"valueRequired\":true,\"valueName\":\"search_term_string\"}}],\"inLanguage\":\"fr-FR\"},{\"@type\":\"Organization\",\"@id\":\"https:\/\/rosemedical-tr.com\/fr\/#organization\",\"name\":\"Rose Medical\",\"url\":\"https:\/\/rosemedical-tr.com\/fr\/\",\"logo\":{\"@type\":\"ImageObject\",\"inLanguage\":\"fr-FR\",\"@id\":\"https:\/\/rosemedical-tr.com\/fr\/#\/schema\/logo\/image\/\",\"url\":\"https:\/\/rosemedical-tr.com\/wp-content\/uploads\/2024\/09\/Rose_logo.png\",\"contentUrl\":\"https:\/\/rosemedical-tr.com\/wp-content\/uploads\/2024\/09\/Rose_logo.png\",\"width\":769,\"height\":413,\"caption\":\"Rose Medical\"},\"image\":{\"@id\":\"https:\/\/rosemedical-tr.com\/fr\/#\/schema\/logo\/image\/\"}}]}<\/script>\n<!-- \/ Yoast SEO plugin. -->","yoast_head_json":{"title":"la Chirurgie Plastique - Rose Medical","robots":{"index":"index","follow":"follow","max-snippet":"max-snippet:-1","max-image-preview":"max-image-preview:large","max-video-preview":"max-video-preview:-1"},"canonical":"https:\/\/rosemedical-tr.com\/fr\/plastic-surgery\/","og_locale":"fr_FR","og_type":"article","og_title":"la Chirurgie Plastique - Rose Medical","og_description":"Naviguer entre la beaut\u00e9 et les soins\u00a0: un guide complet des services de chirurgie plastique de la Rose Medical Clinic Au c\u0153ur de Rose Medical Clinic se trouve une profonde compr\u00e9hension du fait que la beaut\u00e9 transcende la simple apparence ext\u00e9rieure ; cela refl\u00e8te nos sentiments int\u00e9rieurs et notre perception de nous-m\u00eames. Cette croyance n\u2019est [&hellip;]","og_url":"https:\/\/rosemedical-tr.com\/fr\/plastic-surgery\/","og_site_name":"Rose Medical","article_modified_time":"2024-05-30T11:50:04+00:00","og_image":[{"width":2560,"height":1172,"url":"https:\/\/rosemedical-tr.com\/wp-content\/uploads\/2024\/05\/woman-with-perfect-clean-skin-lifting-arrows-scaled.webp","type":"image\/webp"}],"twitter_card":"summary_large_image","twitter_misc":{"Dur\u00e9e de lecture estim\u00e9e":"2 minutes"},"schema":{"@context":"https:\/\/schema.org","@graph":[{"@type":"WebPage","@id":"https:\/\/rosemedical-tr.com\/fr\/plastic-surgery\/","url":"https:\/\/rosemedical-tr.com\/fr\/plastic-surgery\/","name":"la Chirurgie Plastique - Rose Medical","isPartOf":{"@id":"https:\/\/rosemedical-tr.com\/fr\/#website"},"primaryImageOfPage":{"@id":"https:\/\/rosemedical-tr.com\/fr\/plastic-surgery\/#primaryimage"},"image":{"@id":"https:\/\/rosemedical-tr.com\/fr\/plastic-surgery\/#primaryimage"},"thumbnailUrl":"https:\/\/rosemedical-tr.com\/wp-content\/uploads\/2024\/05\/woman-with-perfect-clean-skin-lifting-arrows-scaled.webp","datePublished":"2024-04-03T09:27:33+00:00","dateModified":"2024-05-30T11:50:04+00:00","breadcrumb":{"@id":"https:\/\/rosemedical-tr.com\/fr\/plastic-surgery\/#breadcrumb"},"inLanguage":"fr-FR","potentialAction":[{"@type":"ReadAction","target":["https:\/\/rosemedical-tr.com\/fr\/plastic-surgery\/"]}]},{"@type":"ImageObject","inLanguage":"fr-FR","@id":"https:\/\/rosemedical-tr.com\/fr\/plastic-surgery\/#primaryimage","url":"https:\/\/rosemedical-tr.com\/wp-content\/uploads\/2024\/05\/woman-with-perfect-clean-skin-lifting-arrows-scaled.webp","contentUrl":"https:\/\/rosemedical-tr.com\/wp-content\/uploads\/2024\/05\/woman-with-perfect-clean-skin-lifting-arrows-scaled.webp","width":2560,"height":1172},{"@type":"BreadcrumbList","@id":"https:\/\/rosemedical-tr.com\/fr\/plastic-surgery\/#breadcrumb","itemListElement":[{"@type":"ListItem","position":1,"name":"Accueil","item":"https:\/\/rosemedical-tr.com\/fr\/"},{"@type":"ListItem","position":2,"name":"la Chirurgie Plastique"}]},{"@type":"WebSite","@id":"https:\/\/rosemedical-tr.com\/fr\/#website","url":"https:\/\/rosemedical-tr.com\/fr\/","name":"Rose Medical","description":"","publisher":{"@id":"https:\/\/rosemedical-tr.com\/fr\/#organization"},"potentialAction":[{"@type":"SearchAction","target":{"@type":"EntryPoint","urlTemplate":"https:\/\/rosemedical-tr.com\/fr\/?s={search_term_string}"},"query-input":{"@type":"PropertyValueSpecification","valueRequired":true,"valueName":"search_term_string"}}],"inLanguage":"fr-FR"},{"@type":"Organization","@id":"https:\/\/rosemedical-tr.com\/fr\/#organization","name":"Rose Medical","url":"https:\/\/rosemedical-tr.com\/fr\/","logo":{"@type":"ImageObject","inLanguage":"fr-FR","@id":"https:\/\/rosemedical-tr.com\/fr\/#\/schema\/logo\/image\/","url":"https:\/\/rosemedical-tr.com\/wp-content\/uploads\/2024\/09\/Rose_logo.png","contentUrl":"https:\/\/rosemedical-tr.com\/wp-content\/uploads\/2024\/09\/Rose_logo.png","width":769,"height":413,"caption":"Rose Medical"},"image":{"@id":"https:\/\/rosemedical-tr.com\/fr\/#\/schema\/logo\/image\/"}}]}},"_links":{"self":[{"href":"https:\/\/rosemedical-tr.com\/fr\/wp-json\/wp\/v2\/pages\/4460","targetHints":{"allow":["GET"]}}],"collection":[{"href":"https:\/\/rosemedical-tr.com\/fr\/wp-json\/wp\/v2\/pages"}],"about":[{"href":"https:\/\/rosemedical-tr.com\/fr\/wp-json\/wp\/v2\/types\/page"}],"author":[{"embeddable":true,"href":"https:\/\/rosemedical-tr.com\/fr\/wp-json\/wp\/v2\/users\/1"}],"replies":[{"embeddable":true,"href":"https:\/\/rosemedical-tr.com\/fr\/wp-json\/wp\/v2\/comments?post=4460"}],"version-history":[{"count":1,"href":"https:\/\/rosemedical-tr.com\/fr\/wp-json\/wp\/v2\/pages\/4460\/revisions"}],"predecessor-version":[{"id":4610,"href":"https:\/\/rosemedical-tr.com\/fr\/wp-json\/wp\/v2\/pages\/4460\/revisions\/4610"}],"wp:featuredmedia":[{"embeddable":true,"href":"https:\/\/rosemedical-tr.com\/fr\/wp-json\/wp\/v2\/media\/4948"}],"wp:attachment":[{"href":"https:\/\/rosemedical-tr.com\/fr\/wp-json\/wp\/v2\/media?parent=4460"}],"curies":[{"name":"wp","href":"https:\/\/api.w.org\/{rel}","templated":true}]}}