{"id":4461,"date":"2024-03-06T08:21:00","date_gmt":"2024-03-06T08:21:00","guid":{"rendered":"https:\/\/new.rosemedical-tr.com\/obesity-surgery\/"},"modified":"2024-05-13T21:42:25","modified_gmt":"2024-05-13T21:42:25","slug":"obesity-surgery","status":"publish","type":"page","link":"https:\/\/rosemedical-tr.com\/fr\/obesity-surgery\/","title":{"rendered":"la Chirurgie Bariatrique"},"content":{"rendered":"<h1>Chirurgie de l&#8217;ob\u00e9sit\u00e9 \u00e0 la clinique m\u00e9dicale Rose<\/h1>\n<p><br \/>\u00c0 Rose Medical Clinic, nous comprenons que la gestion du poids peut \u00eatre un v\u00e9ritable d\u00e9fi. C\u2019est pourquoi nous sommes l\u00e0 pour vous offrir un soutien complet et des solutions personnalis\u00e9es pour vous aider \u00e0 atteindre vos objectifs de sant\u00e9. Si vous envisagez une chirurgie de l\u2019ob\u00e9sit\u00e9, vous \u00eates au bon endroit.<\/p>\n<p><strong>Comprendre la chirurgie de l&#8217;ob\u00e9sit\u00e9\u00a0:<\/strong><\/p>\n<p>La chirurgie de l\u2019ob\u00e9sit\u00e9 est une proc\u00e9dure m\u00e9dicale destin\u00e9e \u00e0 aider les gens \u00e0 perdre du poids lorsque les m\u00e9thodes habituelles ne suffisent pas. Il comprend des modifications du syst\u00e8me digestif pour encourager un mode de vie plus sain.<\/p>\n<p><strong>Pourquoi choisir la clinique m\u00e9dicale Rose pour la chirurgie de l&#8217;ob\u00e9sit\u00e9\u00a0?<\/strong><\/p>\n<p>Soins sp\u00e9cialis\u00e9s\u00a0: Notre \u00e9quipe qualifi\u00e9e de professionnels de la sant\u00e9 est sp\u00e9cialis\u00e9e en chirurgie bariatrique, vous garantissant ainsi des soins de premier ordre tout au long de votre parcours.<br \/>Approche personnelle\u00a0: Nous comprenons que chacun est diff\u00e9rent. Notre \u00e9quipe cr\u00e9e des plans personnalis\u00e9s adapt\u00e9s \u00e0 vos besoins et objectifs sp\u00e9cifiques, dans le but d\u2019obtenir les meilleurs r\u00e9sultats.<br \/>Technologie avanc\u00e9e\u00a0: nos installations modernes disposent des derni\u00e8res technologies pour garantir des chirurgies s\u00fbres et efficaces.<br \/><strong>Avantages de la chirurgie de l\u2019ob\u00e9sit\u00e9\u00a0:<\/strong><\/p>\n<p>Perte de poids efficace : La chirurgie bariatrique s\u2019est av\u00e9r\u00e9e \u00eatre une m\u00e9thode efficace pour perdre du poids de mani\u00e8re significative et durable.<br \/>Am\u00e9lioration de la sant\u00e9\u00a0: il ne s\u2019agit pas seulement de poids\u00a0: beaucoup constatent des am\u00e9liorations dans les probl\u00e8mes li\u00e9s \u00e0 l\u2019ob\u00e9sit\u00e9 comme le diab\u00e8te, l\u2019hypertension art\u00e9rielle et les troubles du sommeil.<br \/>Qualit\u00e9 de vie am\u00e9lior\u00e9e : la chirurgie bariatrique peut apporter plus d\u2019\u00e9nergie, une meilleure mobilit\u00e9 et une vision plus ensoleill\u00e9e de la vie.<br \/>Choisir la chirurgie de l\u2019ob\u00e9sit\u00e9 \u00e0 la Rose Medical Clinic, c\u2019est choisir la voie d\u2019un changement durable. Votre sant\u00e9 est un investissement et nous sommes l\u00e0 pour garantir qu\u2019il porte ses fruits. Des questions ou pr\u00eat \u00e0 commencer votre voyage ? N&#8217;h\u00e9sitez pas \u00e0 nous contacter.<\/p>\n\n\n<div style=\"height:28px\" aria-hidden=\"true\" class=\"wp-block-spacer\"><\/div>\n","protected":false},"excerpt":{"rendered":"<p>Chirurgie de l&#8217;ob\u00e9sit\u00e9 \u00e0 la clinique m\u00e9dicale Rose \u00c0 Rose Medical Clinic, nous comprenons que la gestion du poids peut \u00eatre un v\u00e9ritable d\u00e9fi. C\u2019est pourquoi nous sommes l\u00e0 pour vous offrir un soutien complet et des solutions personnalis\u00e9es pour vous aider \u00e0 atteindre vos objectifs de sant\u00e9. Si vous envisagez une chirurgie de l\u2019ob\u00e9sit\u00e9, [&hellip;]<\/p>\n","protected":false},"author":1,"featured_media":4362,"parent":0,"menu_order":0,"comment_status":"closed","ping_status":"closed","template":"","meta":{"footnotes":""},"class_list":["post-4461","page","type-page","status-publish","has-post-thumbnail","hentry"],"yoast_head":"<!-- This site is optimized with the Yoast SEO plugin v27.0 - https:\/\/yoast.com\/product\/yoast-seo-wordpress\/ -->\n<title>la Chirurgie Bariatrique - Rose Medical<\/title>\n<meta name=\"description\" content=\"Obesity Surgery at Rose Medical Clinic\u2028\u2028At Rose Medical Clinic, we understand that managing weight can be a real challenge.\" \/>\n<meta name=\"robots\" content=\"index, follow, max-snippet:-1, max-image-preview:large, max-video-preview:-1\" \/>\n<link rel=\"canonical\" href=\"https:\/\/rosemedical-tr.com\/fr\/obesity-surgery\/\" \/>\n<meta property=\"og:locale\" content=\"fr_FR\" \/>\n<meta property=\"og:type\" content=\"article\" \/>\n<meta property=\"og:title\" content=\"la Chirurgie Bariatrique - Rose Medical\" \/>\n<meta property=\"og:description\" content=\"Obesity Surgery at Rose Medical Clinic\u2028\u2028At Rose Medical Clinic, we understand that managing weight can be a real challenge.\" \/>\n<meta property=\"og:url\" content=\"https:\/\/rosemedical-tr.com\/fr\/obesity-surgery\/\" \/>\n<meta property=\"og:site_name\" content=\"Rose Medical\" \/>\n<meta property=\"article:modified_time\" content=\"2024-05-13T21:42:25+00:00\" \/>\n<meta property=\"og:image\" content=\"https:\/\/rosemedical-tr.com\/wp-content\/uploads\/2024\/01\/Gastric-Botox.webp\" \/>\n\t<meta property=\"og:image:width\" content=\"1760\" \/>\n\t<meta property=\"og:image:height\" content=\"450\" \/>\n\t<meta property=\"og:image:type\" content=\"image\/webp\" \/>\n<meta name=\"twitter:card\" content=\"summary_large_image\" \/>\n<meta name=\"twitter:label1\" content=\"Dur\u00e9e de lecture estim\u00e9e\" \/>\n\t<meta name=\"twitter:data1\" content=\"2 minutes\" \/>\n<script type=\"application\/ld+json\" class=\"yoast-schema-graph\">{\"@context\":\"https:\/\/schema.org\",\"@graph\":[{\"@type\":\"WebPage\",\"@id\":\"https:\/\/rosemedical-tr.com\/fr\/obesity-surgery\/\",\"url\":\"https:\/\/rosemedical-tr.com\/fr\/obesity-surgery\/\",\"name\":\"la Chirurgie Bariatrique - Rose Medical\",\"isPartOf\":{\"@id\":\"https:\/\/rosemedical-tr.com\/fr\/#website\"},\"primaryImageOfPage\":{\"@id\":\"https:\/\/rosemedical-tr.com\/fr\/obesity-surgery\/#primaryimage\"},\"image\":{\"@id\":\"https:\/\/rosemedical-tr.com\/fr\/obesity-surgery\/#primaryimage\"},\"thumbnailUrl\":\"https:\/\/rosemedical-tr.com\/wp-content\/uploads\/2024\/01\/Gastric-Botox.webp\",\"datePublished\":\"2024-03-06T08:21:00+00:00\",\"dateModified\":\"2024-05-13T21:42:25+00:00\",\"description\":\"Obesity Surgery at Rose Medical Clinic\\u2028\\u2028At Rose Medical Clinic, we understand that managing weight can be a real challenge.\",\"breadcrumb\":{\"@id\":\"https:\/\/rosemedical-tr.com\/fr\/obesity-surgery\/#breadcrumb\"},\"inLanguage\":\"fr-FR\",\"potentialAction\":[{\"@type\":\"ReadAction\",\"target\":[\"https:\/\/rosemedical-tr.com\/fr\/obesity-surgery\/\"]}]},{\"@type\":\"ImageObject\",\"inLanguage\":\"fr-FR\",\"@id\":\"https:\/\/rosemedical-tr.com\/fr\/obesity-surgery\/#primaryimage\",\"url\":\"https:\/\/rosemedical-tr.com\/wp-content\/uploads\/2024\/01\/Gastric-Botox.webp\",\"contentUrl\":\"https:\/\/rosemedical-tr.com\/wp-content\/uploads\/2024\/01\/Gastric-Botox.webp\",\"width\":1760,\"height\":450},{\"@type\":\"BreadcrumbList\",\"@id\":\"https:\/\/rosemedical-tr.com\/fr\/obesity-surgery\/#breadcrumb\",\"itemListElement\":[{\"@type\":\"ListItem\",\"position\":1,\"name\":\"Accueil\",\"item\":\"https:\/\/rosemedical-tr.com\/fr\/\"},{\"@type\":\"ListItem\",\"position\":2,\"name\":\"la Chirurgie Bariatrique\"}]},{\"@type\":\"WebSite\",\"@id\":\"https:\/\/rosemedical-tr.com\/fr\/#website\",\"url\":\"https:\/\/rosemedical-tr.com\/fr\/\",\"name\":\"Rose Medical\",\"description\":\"\",\"publisher\":{\"@id\":\"https:\/\/rosemedical-tr.com\/fr\/#organization\"},\"potentialAction\":[{\"@type\":\"SearchAction\",\"target\":{\"@type\":\"EntryPoint\",\"urlTemplate\":\"https:\/\/rosemedical-tr.com\/fr\/?s={search_term_string}\"},\"query-input\":{\"@type\":\"PropertyValueSpecification\",\"valueRequired\":true,\"valueName\":\"search_term_string\"}}],\"inLanguage\":\"fr-FR\"},{\"@type\":\"Organization\",\"@id\":\"https:\/\/rosemedical-tr.com\/fr\/#organization\",\"name\":\"Rose Medical\",\"url\":\"https:\/\/rosemedical-tr.com\/fr\/\",\"logo\":{\"@type\":\"ImageObject\",\"inLanguage\":\"fr-FR\",\"@id\":\"https:\/\/rosemedical-tr.com\/fr\/#\/schema\/logo\/image\/\",\"url\":\"https:\/\/rosemedical-tr.com\/wp-content\/uploads\/2024\/09\/Rose_logo.png\",\"contentUrl\":\"https:\/\/rosemedical-tr.com\/wp-content\/uploads\/2024\/09\/Rose_logo.png\",\"width\":769,\"height\":413,\"caption\":\"Rose Medical\"},\"image\":{\"@id\":\"https:\/\/rosemedical-tr.com\/fr\/#\/schema\/logo\/image\/\"}}]}<\/script>\n<!-- \/ Yoast SEO plugin. -->","yoast_head_json":{"title":"la Chirurgie Bariatrique - Rose Medical","description":"Obesity Surgery at Rose Medical Clinic\u2028\u2028At Rose Medical Clinic, we understand that managing weight can be a real challenge.","robots":{"index":"index","follow":"follow","max-snippet":"max-snippet:-1","max-image-preview":"max-image-preview:large","max-video-preview":"max-video-preview:-1"},"canonical":"https:\/\/rosemedical-tr.com\/fr\/obesity-surgery\/","og_locale":"fr_FR","og_type":"article","og_title":"la Chirurgie Bariatrique - Rose Medical","og_description":"Obesity Surgery at Rose Medical Clinic\u2028\u2028At Rose Medical Clinic, we understand that managing weight can be a real challenge.","og_url":"https:\/\/rosemedical-tr.com\/fr\/obesity-surgery\/","og_site_name":"Rose Medical","article_modified_time":"2024-05-13T21:42:25+00:00","og_image":[{"width":1760,"height":450,"url":"https:\/\/rosemedical-tr.com\/wp-content\/uploads\/2024\/01\/Gastric-Botox.webp","type":"image\/webp"}],"twitter_card":"summary_large_image","twitter_misc":{"Dur\u00e9e de lecture estim\u00e9e":"2 minutes"},"schema":{"@context":"https:\/\/schema.org","@graph":[{"@type":"WebPage","@id":"https:\/\/rosemedical-tr.com\/fr\/obesity-surgery\/","url":"https:\/\/rosemedical-tr.com\/fr\/obesity-surgery\/","name":"la Chirurgie Bariatrique - Rose Medical","isPartOf":{"@id":"https:\/\/rosemedical-tr.com\/fr\/#website"},"primaryImageOfPage":{"@id":"https:\/\/rosemedical-tr.com\/fr\/obesity-surgery\/#primaryimage"},"image":{"@id":"https:\/\/rosemedical-tr.com\/fr\/obesity-surgery\/#primaryimage"},"thumbnailUrl":"https:\/\/rosemedical-tr.com\/wp-content\/uploads\/2024\/01\/Gastric-Botox.webp","datePublished":"2024-03-06T08:21:00+00:00","dateModified":"2024-05-13T21:42:25+00:00","description":"Obesity Surgery at Rose Medical Clinic\u2028\u2028At Rose Medical Clinic, we understand that managing weight can be a real challenge.","breadcrumb":{"@id":"https:\/\/rosemedical-tr.com\/fr\/obesity-surgery\/#breadcrumb"},"inLanguage":"fr-FR","potentialAction":[{"@type":"ReadAction","target":["https:\/\/rosemedical-tr.com\/fr\/obesity-surgery\/"]}]},{"@type":"ImageObject","inLanguage":"fr-FR","@id":"https:\/\/rosemedical-tr.com\/fr\/obesity-surgery\/#primaryimage","url":"https:\/\/rosemedical-tr.com\/wp-content\/uploads\/2024\/01\/Gastric-Botox.webp","contentUrl":"https:\/\/rosemedical-tr.com\/wp-content\/uploads\/2024\/01\/Gastric-Botox.webp","width":1760,"height":450},{"@type":"BreadcrumbList","@id":"https:\/\/rosemedical-tr.com\/fr\/obesity-surgery\/#breadcrumb","itemListElement":[{"@type":"ListItem","position":1,"name":"Accueil","item":"https:\/\/rosemedical-tr.com\/fr\/"},{"@type":"ListItem","position":2,"name":"la Chirurgie Bariatrique"}]},{"@type":"WebSite","@id":"https:\/\/rosemedical-tr.com\/fr\/#website","url":"https:\/\/rosemedical-tr.com\/fr\/","name":"Rose Medical","description":"","publisher":{"@id":"https:\/\/rosemedical-tr.com\/fr\/#organization"},"potentialAction":[{"@type":"SearchAction","target":{"@type":"EntryPoint","urlTemplate":"https:\/\/rosemedical-tr.com\/fr\/?s={search_term_string}"},"query-input":{"@type":"PropertyValueSpecification","valueRequired":true,"valueName":"search_term_string"}}],"inLanguage":"fr-FR"},{"@type":"Organization","@id":"https:\/\/rosemedical-tr.com\/fr\/#organization","name":"Rose Medical","url":"https:\/\/rosemedical-tr.com\/fr\/","logo":{"@type":"ImageObject","inLanguage":"fr-FR","@id":"https:\/\/rosemedical-tr.com\/fr\/#\/schema\/logo\/image\/","url":"https:\/\/rosemedical-tr.com\/wp-content\/uploads\/2024\/09\/Rose_logo.png","contentUrl":"https:\/\/rosemedical-tr.com\/wp-content\/uploads\/2024\/09\/Rose_logo.png","width":769,"height":413,"caption":"Rose Medical"},"image":{"@id":"https:\/\/rosemedical-tr.com\/fr\/#\/schema\/logo\/image\/"}}]}},"_links":{"self":[{"href":"https:\/\/rosemedical-tr.com\/fr\/wp-json\/wp\/v2\/pages\/4461","targetHints":{"allow":["GET"]}}],"collection":[{"href":"https:\/\/rosemedical-tr.com\/fr\/wp-json\/wp\/v2\/pages"}],"about":[{"href":"https:\/\/rosemedical-tr.com\/fr\/wp-json\/wp\/v2\/types\/page"}],"author":[{"embeddable":true,"href":"https:\/\/rosemedical-tr.com\/fr\/wp-json\/wp\/v2\/users\/1"}],"replies":[{"embeddable":true,"href":"https:\/\/rosemedical-tr.com\/fr\/wp-json\/wp\/v2\/comments?post=4461"}],"version-history":[{"count":1,"href":"https:\/\/rosemedical-tr.com\/fr\/wp-json\/wp\/v2\/pages\/4461\/revisions"}],"predecessor-version":[{"id":4612,"href":"https:\/\/rosemedical-tr.com\/fr\/wp-json\/wp\/v2\/pages\/4461\/revisions\/4612"}],"wp:featuredmedia":[{"embeddable":true,"href":"https:\/\/rosemedical-tr.com\/fr\/wp-json\/wp\/v2\/media\/4362"}],"wp:attachment":[{"href":"https:\/\/rosemedical-tr.com\/fr\/wp-json\/wp\/v2\/media?parent=4461"}],"curies":[{"name":"wp","href":"https:\/\/api.w.org\/{rel}","templated":true}]}}